{"id":343,"date":"2024-01-17T13:49:56","date_gmt":"2024-01-17T13:49:56","guid":{"rendered":"https:\/\/antoniocarmonalp.com\/bio\/"},"modified":"2024-02-14T11:58:25","modified_gmt":"2024-02-14T11:58:25","slug":"bio","status":"publish","type":"page","link":"https:\/\/antoniocarmonalp.com\/en\/bio\/","title":{"rendered":"Bio"},"content":{"rendered":"\t\t<div data-elementor-type=\"wp-page\" data-elementor-id=\"343\" class=\"elementor elementor-343 elementor-37\" data-elementor-post-type=\"page\">\n\t\t\t\t<div class=\"elementor-element elementor-element-47a8853c e-con-full e-flex e-con e-parent\" data-id=\"47a8853c\" data-element_type=\"container\">\n\t\t<div class=\"elementor-element elementor-element-17565af1 e-con-full e-flex e-con e-child\" data-id=\"17565af1\" data-element_type=\"container\" data-settings=\"{&quot;background_background&quot;:&quot;classic&quot;}\">\n\t\t\t\t<div class=\"elementor-element elementor-element-52725ad elementor-widget elementor-widget-image\" data-id=\"52725ad\" data-element_type=\"widget\" data-widget_type=\"image.default\">\n\t\t\t\t<div class=\"elementor-widget-container\">\n\t\t\t\t\t\t\t\t\t\t\t\t\t<img fetchpriority=\"high\" decoding=\"async\" width=\"767\" height=\"1024\" src=\"https:\/\/antoniocarmonalp.com\/wp-content\/uploads\/2024\/02\/IMG_5731-767x1024.jpg\" class=\"attachment-large size-large wp-image-199\" alt=\"persona tocando un instrumento en un concierto\" srcset=\"https:\/\/antoniocarmonalp.com\/wp-content\/uploads\/2024\/02\/IMG_5731-767x1024.jpg 767w, https:\/\/antoniocarmonalp.com\/wp-content\/uploads\/2024\/02\/IMG_5731-225x300.jpg 225w, https:\/\/antoniocarmonalp.com\/wp-content\/uploads\/2024\/02\/IMG_5731-768x1025.jpg 768w, https:\/\/antoniocarmonalp.com\/wp-content\/uploads\/2024\/02\/IMG_5731.jpg 984w\" sizes=\"(max-width: 767px) 100vw, 767px\" \/>\t\t\t\t\t\t\t\t\t\t\t\t\t<\/div>\n\t\t\t\t<\/div>\n\t\t\t\t<\/div>\n\t\t<div class=\"elementor-element elementor-element-8734fb e-con-full e-flex e-con e-child\" data-id=\"8734fb\" data-element_type=\"container\">\n\t\t\t\t<div class=\"elementor-element elementor-element-12836e92 elementor-widget elementor-widget-heading\" data-id=\"12836e92\" data-element_type=\"widget\" data-widget_type=\"heading.default\">\n\t\t\t\t<div class=\"elementor-widget-container\">\n\t\t\t<h6 class=\"elementor-heading-title elementor-size-default\">About me<\/h6>\t\t<\/div>\n\t\t\t\t<\/div>\n\t\t\t\t<div class=\"elementor-element elementor-element-3fd0410 elementor-widget elementor-widget-heading\" data-id=\"3fd0410\" data-element_type=\"widget\" data-widget_type=\"heading.default\">\n\t\t\t\t<div class=\"elementor-widget-container\">\n\t\t\t<h1 class=\"elementor-heading-title elementor-size-default\">Antonio Carmona<\/h1>\t\t<\/div>\n\t\t\t\t<\/div>\n\t\t\t\t<div class=\"elementor-element elementor-element-662ba29b elementor-invisible elementor-widget elementor-widget-text-editor\" data-id=\"662ba29b\" data-element_type=\"widget\" data-settings=\"{&quot;_animation&quot;:&quot;fadeIn&quot;,&quot;_animation_delay&quot;:400}\" data-widget_type=\"text-editor.default\">\n\t\t\t\t<div class=\"elementor-widget-container\">\n\t\t\t\t\t\t\t<p>Antonio Carmona L\u00f3pez-Pintor, born on March 6, 1995 in the La Mancha town of Arenales de San Gregorio, emerges as a virtuoso percussionist musician with training that ranges from the Alcazar de San Juan Professional Conservatory, in Ciudad Real, to his graduation from the Victoria Eugenia Royal Conservatory of Music in Granada. His constant search for excellence leads him to currently complete a Master&#8217;s degree in flamenco at the School of Creative Music in Madrid.<span class=\"Apple-converted-space\"> <\/span><\/p>\n\t\t\t\t\t\t<\/div>\n\t\t\t\t<\/div>\n\t\t\t\t<\/div>\n\t\t\t\t<\/div>\n\t\t<div class=\"elementor-element elementor-element-243b162b e-con-full e-flex e-con e-parent\" data-id=\"243b162b\" data-element_type=\"container\">\n\t\t<div class=\"elementor-element elementor-element-46fd6c19 e-con-full e-flex e-con e-child\" data-id=\"46fd6c19\" data-element_type=\"container\">\n\t\t\t\t<div class=\"elementor-element elementor-element-14575f6a elementor-widget__width-initial elementor-widget-mobile__width-inherit elementor-widget elementor-widget-text-editor\" data-id=\"14575f6a\" data-element_type=\"widget\" data-widget_type=\"text-editor.default\">\n\t\t\t\t<div class=\"elementor-widget-container\">\n\t\t\t\t\t\t\t<p>Throughout his career, Antonio has collaborated with a wide range of artists of diverse musical styles, demonstrating his versatility and skill. From being part of Pepe Rivero&#8217;s Big Band to working with outstanding musicians such as Jorge P\u00e9rez Gonz\u00e1lez from Patax. In the beginning, he was part of the production of the group &#8220;La Plazuela&#8221; and has shared the stage with renowned singer-songwriters such as Javi Medina, Mario Palma, Jose Carlos Escobar and Kike Bueno. Furthermore, his participation with renowned Granada flamenco artists, such as El Petete, Josele de la Rosa, Pablo Fern\u00e1ndez &#8220;El Gato&#8221; and Dani de Rojas, has consolidated his presence in the flamenco scene.<span class=\"Apple-converted-space\"> <\/span><\/p>\n\t\t\t\t\t\t<\/div>\n\t\t\t\t<\/div>\n\t\t\t\t<div class=\"elementor-element elementor-element-88d30de elementor-widget__width-initial elementor-widget-mobile__width-inherit elementor-widget elementor-widget-text-editor\" data-id=\"88d30de\" data-element_type=\"widget\" data-widget_type=\"text-editor.default\">\n\t\t\t\t<div class=\"elementor-widget-container\">\n\t\t\t\t\t\t\t<p>Antonio has left his mark on large-scale projects, being a fundamental part of the 2022-2023 tour of rapper Juancho Marques and collaborating on OCO THE SHOW, accompanying artists of the caliber of Estrella Morente, Tim Ries and Bernard Flowers of the Rolling Stones , along with prominent dancers such as Yiyo Fern\u00e1ndez, Tete Fern\u00e1ndez and Bel\u00e9n L\u00f3pez. Currently, he is part of three shows directed by dancer Eduardo Guerrero and is immersed in a project with Juan Valderrama, son of the famous singer Juanito Valderrama. Additionally, he participates in the show called &#8220;PASAJE&#8221; by dancer Juan Carlos Avecilla, demonstrating his versatility in different artistic expressions.<span class=\"Apple-converted-space\"> <\/span><\/p>\n\t\t\t\t\t\t<\/div>\n\t\t\t\t<\/div>\n\t\t\t\t<\/div>\n\t\t<div class=\"elementor-element elementor-element-e1c9ce9 e-con-full e-flex e-con e-child\" data-id=\"e1c9ce9\" data-element_type=\"container\" data-settings=\"{&quot;background_background&quot;:&quot;classic&quot;}\">\n\t\t\t\t<div class=\"elementor-element elementor-element-1105a178 elementor-widget elementor-widget-image\" data-id=\"1105a178\" data-element_type=\"widget\" data-widget_type=\"image.default\">\n\t\t\t\t<div class=\"elementor-widget-container\">\n\t\t\t\t\t\t\t\t\t\t\t\t\t<img decoding=\"async\" width=\"2560\" height=\"1707\" src=\"https:\/\/antoniocarmonalp.com\/wp-content\/uploads\/2024\/02\/IMG_0989-scaled.jpg\" class=\"attachment-full size-full wp-image-202\" alt=\"persona tocando un instrumento en un concierto\" srcset=\"https:\/\/antoniocarmonalp.com\/wp-content\/uploads\/2024\/02\/IMG_0989-scaled.jpg 2560w, https:\/\/antoniocarmonalp.com\/wp-content\/uploads\/2024\/02\/IMG_0989-300x200.jpg 300w, https:\/\/antoniocarmonalp.com\/wp-content\/uploads\/2024\/02\/IMG_0989-1024x683.jpg 1024w, https:\/\/antoniocarmonalp.com\/wp-content\/uploads\/2024\/02\/IMG_0989-768x512.jpg 768w, https:\/\/antoniocarmonalp.com\/wp-content\/uploads\/2024\/02\/IMG_0989-1536x1024.jpg 1536w, https:\/\/antoniocarmonalp.com\/wp-content\/uploads\/2024\/02\/IMG_0989-2048x1365.jpg 2048w\" sizes=\"(max-width: 2560px) 100vw, 2560px\" \/>\t\t\t\t\t\t\t\t\t\t\t\t\t<\/div>\n\t\t\t\t<\/div>\n\t\t\t\t<\/div>\n\t\t\t\t<\/div>\n\t\t<div class=\"elementor-element elementor-element-e25c2cc e-con-full e-flex e-con e-parent\" data-id=\"e25c2cc\" data-element_type=\"container\">\n\t\t<div class=\"elementor-element elementor-element-baea815 e-con-full e-flex e-con e-child\" data-id=\"baea815\" data-element_type=\"container\" data-settings=\"{&quot;background_background&quot;:&quot;classic&quot;}\">\n\t\t\t\t<\/div>\n\t\t<div class=\"elementor-element elementor-element-ab99e9b e-con-full e-flex e-con e-child\" data-id=\"ab99e9b\" data-element_type=\"container\">\n\t\t\t\t<div class=\"elementor-element elementor-element-9b43901 elementor-invisible elementor-widget elementor-widget-text-editor\" data-id=\"9b43901\" data-element_type=\"widget\" data-settings=\"{&quot;_animation&quot;:&quot;fadeIn&quot;,&quot;_animation_delay&quot;:400}\" data-widget_type=\"text-editor.default\">\n\t\t\t\t<div class=\"elementor-widget-container\">\n\t\t\t\t\t\t\t<p>Highlighting his love for the fusion of genres, Antonio is the official percussionist of the flamenco jazz group of maestro Juan Antonio Salazar, accompanied by talented musicians such as Alejandro Escalera, Jose Mar\u00eda Pedraza &#8220;Petaca&#8221;, Dan Ben Lior and Santi Ca\u00f1ada. As part of his commitment to musical creation, Antonio has contributed to the recording of numerous albums and collaborations, while managing his own recording studio, where he records his percussion and drum performances to order. In addition, he shares his knowledge through personalized private percussion and drums classes, consolidating himself as a complete musician forged between jazz, flamenco and modern music.<\/p>\n\t\t\t\t\t\t<\/div>\n\t\t\t\t<\/div>\n\t\t\t\t<\/div>\n\t\t\t\t<\/div>\n\t\t\t\t<\/div>\n\t\t","protected":false},"excerpt":{"rendered":"<p>About me Antonio Carmona Antonio Carmona L\u00f3pez-Pintor, born on March 6, 1995 in the La Mancha town of Arenales de San Gregorio, emerges as a virtuoso percussionist musician with training that ranges from the Alcazar de San Juan Professional Conservatory, in Ciudad Real, to his graduation from the Victoria Eugenia Royal Conservatory of Music in [&hellip;]<\/p>\n","protected":false},"author":1,"featured_media":0,"parent":0,"menu_order":0,"comment_status":"closed","ping_status":"closed","template":"elementor_header_footer","meta":{"footnotes":""},"yoast_head":"<!-- This site is optimized with the Yoast SEO plugin v23.0 - https:\/\/yoast.com\/wordpress\/plugins\/seo\/ -->\n<title>Discover the story of Antonio Carmona<\/title>\n<meta name=\"description\" content=\"Discover the story of Antonio Carmona L\u00f3pez-Pintor, born on March 6, 1995 in Arenales de San Gregorio.\" \/>\n<meta name=\"robots\" content=\"index, follow, max-snippet:-1, max-image-preview:large, max-video-preview:-1\" \/>\n<link rel=\"canonical\" href=\"https:\/\/antoniocarmonalp.com\/en\/bio\/\" \/>\n<meta property=\"og:locale\" content=\"en_US\" \/>\n<meta property=\"og:type\" content=\"article\" \/>\n<meta property=\"og:title\" content=\"Discover the story of Antonio Carmona\" \/>\n<meta property=\"og:description\" content=\"Discover the story of Antonio Carmona L\u00f3pez-Pintor, born on March 6, 1995 in Arenales de San Gregorio.\" \/>\n<meta property=\"og:url\" content=\"https:\/\/antoniocarmonalp.com\/en\/bio\/\" \/>\n<meta property=\"og:site_name\" content=\"antoniocarmonalp.com\" \/>\n<meta property=\"article:modified_time\" content=\"2024-02-14T11:58:25+00:00\" \/>\n<meta property=\"og:image\" content=\"https:\/\/antoniocarmonalp.com\/wp-content\/uploads\/2024\/02\/IMG_5731-767x1024.jpg\" \/>\n<meta name=\"twitter:card\" content=\"summary_large_image\" \/>\n<meta name=\"twitter:label1\" content=\"Est. reading time\" \/>\n\t<meta name=\"twitter:data1\" content=\"2 minutes\" \/>\n<script type=\"application\/ld+json\" class=\"yoast-schema-graph\">{\"@context\":\"https:\/\/schema.org\",\"@graph\":[{\"@type\":\"WebPage\",\"@id\":\"https:\/\/antoniocarmonalp.com\/en\/bio\/\",\"url\":\"https:\/\/antoniocarmonalp.com\/en\/bio\/\",\"name\":\"Discover the story of Antonio Carmona\",\"isPartOf\":{\"@id\":\"https:\/\/antoniocarmonalp.com\/en\/#website\"},\"primaryImageOfPage\":{\"@id\":\"https:\/\/antoniocarmonalp.com\/en\/bio\/#primaryimage\"},\"image\":{\"@id\":\"https:\/\/antoniocarmonalp.com\/en\/bio\/#primaryimage\"},\"thumbnailUrl\":\"https:\/\/antoniocarmonalp.com\/wp-content\/uploads\/2024\/02\/IMG_5731-767x1024.jpg\",\"datePublished\":\"2024-01-17T13:49:56+00:00\",\"dateModified\":\"2024-02-14T11:58:25+00:00\",\"description\":\"Discover the story of Antonio Carmona L\u00f3pez-Pintor, born on March 6, 1995 in Arenales de San Gregorio.\",\"breadcrumb\":{\"@id\":\"https:\/\/antoniocarmonalp.com\/en\/bio\/#breadcrumb\"},\"inLanguage\":\"en-US\",\"potentialAction\":[{\"@type\":\"ReadAction\",\"target\":[\"https:\/\/antoniocarmonalp.com\/en\/bio\/\"]}]},{\"@type\":\"ImageObject\",\"inLanguage\":\"en-US\",\"@id\":\"https:\/\/antoniocarmonalp.com\/en\/bio\/#primaryimage\",\"url\":\"https:\/\/antoniocarmonalp.com\/wp-content\/uploads\/2024\/02\/IMG_5731-767x1024.jpg\",\"contentUrl\":\"https:\/\/antoniocarmonalp.com\/wp-content\/uploads\/2024\/02\/IMG_5731-767x1024.jpg\"},{\"@type\":\"BreadcrumbList\",\"@id\":\"https:\/\/antoniocarmonalp.com\/en\/bio\/#breadcrumb\",\"itemListElement\":[{\"@type\":\"ListItem\",\"position\":1,\"name\":\"Portada\",\"item\":\"https:\/\/antoniocarmonalp.com\/en\/home\/\"},{\"@type\":\"ListItem\",\"position\":2,\"name\":\"Bio\"}]},{\"@type\":\"WebSite\",\"@id\":\"https:\/\/antoniocarmonalp.com\/en\/#website\",\"url\":\"https:\/\/antoniocarmonalp.com\/en\/\",\"name\":\"antoniocarmonalp.com\",\"description\":\"\",\"potentialAction\":[{\"@type\":\"SearchAction\",\"target\":{\"@type\":\"EntryPoint\",\"urlTemplate\":\"https:\/\/antoniocarmonalp.com\/en\/?s={search_term_string}\"},\"query-input\":\"required name=search_term_string\"}],\"inLanguage\":\"en-US\"}]}<\/script>\n<!-- \/ Yoast SEO plugin. -->","yoast_head_json":{"title":"Discover the story of Antonio Carmona","description":"Discover the story of Antonio Carmona L\u00f3pez-Pintor, born on March 6, 1995 in Arenales de San Gregorio.","robots":{"index":"index","follow":"follow","max-snippet":"max-snippet:-1","max-image-preview":"max-image-preview:large","max-video-preview":"max-video-preview:-1"},"canonical":"https:\/\/antoniocarmonalp.com\/en\/bio\/","og_locale":"en_US","og_type":"article","og_title":"Discover the story of Antonio Carmona","og_description":"Discover the story of Antonio Carmona L\u00f3pez-Pintor, born on March 6, 1995 in Arenales de San Gregorio.","og_url":"https:\/\/antoniocarmonalp.com\/en\/bio\/","og_site_name":"antoniocarmonalp.com","article_modified_time":"2024-02-14T11:58:25+00:00","og_image":[{"url":"https:\/\/antoniocarmonalp.com\/wp-content\/uploads\/2024\/02\/IMG_5731-767x1024.jpg"}],"twitter_card":"summary_large_image","twitter_misc":{"Est. reading time":"2 minutes"},"schema":{"@context":"https:\/\/schema.org","@graph":[{"@type":"WebPage","@id":"https:\/\/antoniocarmonalp.com\/en\/bio\/","url":"https:\/\/antoniocarmonalp.com\/en\/bio\/","name":"Discover the story of Antonio Carmona","isPartOf":{"@id":"https:\/\/antoniocarmonalp.com\/en\/#website"},"primaryImageOfPage":{"@id":"https:\/\/antoniocarmonalp.com\/en\/bio\/#primaryimage"},"image":{"@id":"https:\/\/antoniocarmonalp.com\/en\/bio\/#primaryimage"},"thumbnailUrl":"https:\/\/antoniocarmonalp.com\/wp-content\/uploads\/2024\/02\/IMG_5731-767x1024.jpg","datePublished":"2024-01-17T13:49:56+00:00","dateModified":"2024-02-14T11:58:25+00:00","description":"Discover the story of Antonio Carmona L\u00f3pez-Pintor, born on March 6, 1995 in Arenales de San Gregorio.","breadcrumb":{"@id":"https:\/\/antoniocarmonalp.com\/en\/bio\/#breadcrumb"},"inLanguage":"en-US","potentialAction":[{"@type":"ReadAction","target":["https:\/\/antoniocarmonalp.com\/en\/bio\/"]}]},{"@type":"ImageObject","inLanguage":"en-US","@id":"https:\/\/antoniocarmonalp.com\/en\/bio\/#primaryimage","url":"https:\/\/antoniocarmonalp.com\/wp-content\/uploads\/2024\/02\/IMG_5731-767x1024.jpg","contentUrl":"https:\/\/antoniocarmonalp.com\/wp-content\/uploads\/2024\/02\/IMG_5731-767x1024.jpg"},{"@type":"BreadcrumbList","@id":"https:\/\/antoniocarmonalp.com\/en\/bio\/#breadcrumb","itemListElement":[{"@type":"ListItem","position":1,"name":"Portada","item":"https:\/\/antoniocarmonalp.com\/en\/home\/"},{"@type":"ListItem","position":2,"name":"Bio"}]},{"@type":"WebSite","@id":"https:\/\/antoniocarmonalp.com\/en\/#website","url":"https:\/\/antoniocarmonalp.com\/en\/","name":"antoniocarmonalp.com","description":"","potentialAction":[{"@type":"SearchAction","target":{"@type":"EntryPoint","urlTemplate":"https:\/\/antoniocarmonalp.com\/en\/?s={search_term_string}"},"query-input":"required name=search_term_string"}],"inLanguage":"en-US"}]}},"_links":{"self":[{"href":"https:\/\/antoniocarmonalp.com\/en\/wp-json\/wp\/v2\/pages\/343"}],"collection":[{"href":"https:\/\/antoniocarmonalp.com\/en\/wp-json\/wp\/v2\/pages"}],"about":[{"href":"https:\/\/antoniocarmonalp.com\/en\/wp-json\/wp\/v2\/types\/page"}],"author":[{"embeddable":true,"href":"https:\/\/antoniocarmonalp.com\/en\/wp-json\/wp\/v2\/users\/1"}],"replies":[{"embeddable":true,"href":"https:\/\/antoniocarmonalp.com\/en\/wp-json\/wp\/v2\/comments?post=343"}],"version-history":[{"count":3,"href":"https:\/\/antoniocarmonalp.com\/en\/wp-json\/wp\/v2\/pages\/343\/revisions"}],"predecessor-version":[{"id":346,"href":"https:\/\/antoniocarmonalp.com\/en\/wp-json\/wp\/v2\/pages\/343\/revisions\/346"}],"wp:attachment":[{"href":"https:\/\/antoniocarmonalp.com\/en\/wp-json\/wp\/v2\/media?parent=343"}],"curies":[{"name":"wp","href":"https:\/\/api.w.org\/{rel}","templated":true}]}}